{"id":21,"date":"2026-04-21T20:00:07","date_gmt":"2026-04-21T20:00:07","guid":{"rendered":"https:\/\/neustart.tech\/?page_id=21"},"modified":"2026-04-21T20:00:07","modified_gmt":"2026-04-21T20:00:07","slug":"ueber-uns","status":"publish","type":"page","link":"https:\/\/neustart.tech\/?page_id=21","title":{"rendered":"\u00dcber uns"},"content":{"rendered":"<p class=\"ev-intro\">Die Betriebsgruppe Deutschland der Eurovapor hat ihren Sitz in W\u00fcrzburg \u2013 genau in der Mitte Deutschlands. Von dort aus setzen wir unsere betriebsf\u00e4higen Dampflokomotiven vor Sonderz\u00fcgen in ganz Deutschland ein.<\/p>\n<h2>Eurovapor Deutschland gGmbH<\/h2>\n<p>Die Eurovapor Deutschland gGmbH ist der deutsche Arm der <a href=\"https:\/\/www.eurovapor.ch\" target=\"_blank\" rel=\"noopener\">EUROVAPOR<\/a> \u2013 der Europ\u00e4ischen Vereinigung zur betriebsf\u00e4higen Erhaltung von Dampflokomotiven und historischem Eisenbahnmaterial. Die Gr\u00fcndung fand am 17. November 1962 im Hotel Victoria in Basel statt.<\/p>\n<h2>Eurovapor CH<\/h2>\n<p>Unsere Schweizer Kolleginnen und Kollegen sind an den Standorten Sulgen, Romanshorn und Rorschach zu Hause. Mehr Informationen unter <a href=\"https:\/\/www.eurovapor.ch\" target=\"_blank\" rel=\"noopener\">eurovapor.ch<\/a>.<\/p>\n<h2>Unsere Ziele<\/h2>\n<p>Unser Vereinsziel besteht darin, Dampflokomotiven und historisches Wagenmaterial <strong>nicht lediglich museal zu erhalten<\/strong>, sondern die Fahrzeuge aufzuarbeiten und als lebendiges Zeugnis einer vergangenen Technikepoche wieder zu betreiben.<\/p>\n<h3>Kooperation mit der DGEG<\/h3>\n<p>In vielen Projekten arbeiten wir eng mit der <strong>Deutschen Gesellschaft f\u00fcr Eisenbahngeschichte (DGEG)<\/strong> zusammen \u2013 beispielsweise bei der gemeinsamen Nutzung der Lok 52 7409.<\/p>\n","protected":false},"excerpt":{"rendered":"<p>Die Betriebsgruppe Deutschland der Eurovapor hat ihren Sitz in W\u00fcrzburg \u2013 genau in der Mitte Deutschlands. Von dort aus setzen wir unsere betriebsf\u00e4higen Dampflokomotiven&hellip; <a class=\"more-link\" href=\"https:\/\/neustart.tech\/?page_id=21\">Continue reading <span class=\"screen-reader-text\">\u00dcber uns<\/span><\/a><\/p>\n","protected":false},"author":1,"featured_media":0,"parent":0,"menu_order":0,"comment_status":"closed","ping_status":"closed","template":"","meta":{"footnotes":""},"class_list":["post-21","page","type-page","status-publish","hentry","entry"],"_links":{"self":[{"href":"https:\/\/neustart.tech\/index.php?rest_route=\/wp\/v2\/pages\/21","targetHints":{"allow":["GET"]}}],"collection":[{"href":"https:\/\/neustart.tech\/index.php?rest_route=\/wp\/v2\/pages"}],"about":[{"href":"https:\/\/neustart.tech\/index.php?rest_route=\/wp\/v2\/types\/page"}],"author":[{"embeddable":true,"href":"https:\/\/neustart.tech\/index.php?rest_route=\/wp\/v2\/users\/1"}],"replies":[{"embeddable":true,"href":"https:\/\/neustart.tech\/index.php?rest_route=%2Fwp%2Fv2%2Fcomments&post=21"}],"version-history":[{"count":0,"href":"https:\/\/neustart.tech\/index.php?rest_route=\/wp\/v2\/pages\/21\/revisions"}],"wp:attachment":[{"href":"https:\/\/neustart.tech\/index.php?rest_route=%2Fwp%2Fv2%2Fmedia&parent=21"}],"curies":[{"name":"wp","href":"https:\/\/api.w.org\/{rel}","templated":true}]}}