{"id":27,"date":"2026-04-21T20:00:08","date_gmt":"2026-04-21T20:00:08","guid":{"rendered":"https:\/\/neustart.tech\/?page_id=27"},"modified":"2026-04-21T20:00:08","modified_gmt":"2026-04-21T20:00:08","slug":"partner","status":"publish","type":"page","link":"https:\/\/neustart.tech\/?page_id=27","title":{"rendered":"Partner"},"content":{"rendered":"<p class=\"ev-intro\">Gemeinsam dampft es sich besser. Wir danken unseren Partnern, ohne die unser Betrieb nicht m\u00f6glich w\u00e4re.<\/p>\n<h2>Unsere Partner<\/h2>\n<ul class=\"ev-partner-list\">\n<li>GleisGl\u00fcck UG<\/li>\n<li>NZR<\/li>\n<li>IGE \u2013 InterContinental-Gesellschaft f\u00fcr Eisenbahnverkehr<\/li>\n<li>SEL Schienenflotte<\/li>\n<\/ul>\n<h2>Eigene Kooperationen<\/h2>\n<h3>Oberwei\u00dfbacher Bergbahn<\/h3>\n<p>Gemeinsame Dampffahrten auf der steilsten Normalspur-Standseilbahn Europas.<\/p>\n<h3>Wanderz\u00fcge \u201eSaaletal\u201c<\/h3>\n<p>Eigene Wanderzug-Fahrten durchs malerische Saaletal \u2013 kombiniert mit gef\u00fchrten Wanderungen f\u00fcr unsere Fahrg\u00e4ste.<\/p>\n","protected":false},"excerpt":{"rendered":"<p>Gemeinsam dampft es sich besser. Wir danken unseren Partnern, ohne die unser Betrieb nicht m\u00f6glich w\u00e4re. Unsere Partner GleisGl\u00fcck UG NZR IGE \u2013 InterContinental-Gesellschaft&hellip; <a class=\"more-link\" href=\"https:\/\/neustart.tech\/?page_id=27\">Continue reading <span class=\"screen-reader-text\">Partner<\/span><\/a><\/p>\n","protected":false},"author":1,"featured_media":0,"parent":0,"menu_order":0,"comment_status":"closed","ping_status":"closed","template":"","meta":{"footnotes":""},"class_list":["post-27","page","type-page","status-publish","hentry","entry"],"_links":{"self":[{"href":"https:\/\/neustart.tech\/index.php?rest_route=\/wp\/v2\/pages\/27","targetHints":{"allow":["GET"]}}],"collection":[{"href":"https:\/\/neustart.tech\/index.php?rest_route=\/wp\/v2\/pages"}],"about":[{"href":"https:\/\/neustart.tech\/index.php?rest_route=\/wp\/v2\/types\/page"}],"author":[{"embeddable":true,"href":"https:\/\/neustart.tech\/index.php?rest_route=\/wp\/v2\/users\/1"}],"replies":[{"embeddable":true,"href":"https:\/\/neustart.tech\/index.php?rest_route=%2Fwp%2Fv2%2Fcomments&post=27"}],"version-history":[{"count":0,"href":"https:\/\/neustart.tech\/index.php?rest_route=\/wp\/v2\/pages\/27\/revisions"}],"wp:attachment":[{"href":"https:\/\/neustart.tech\/index.php?rest_route=%2Fwp%2Fv2%2Fmedia&parent=27"}],"curies":[{"name":"wp","href":"https:\/\/api.w.org\/{rel}","templated":true}]}}