{"id":31,"date":"2026-04-21T20:00:08","date_gmt":"2026-04-21T20:00:08","guid":{"rendered":"https:\/\/neustart.tech\/?page_id=31"},"modified":"2026-04-21T20:00:08","modified_gmt":"2026-04-21T20:00:08","slug":"shop","status":"publish","type":"page","link":"https:\/\/neustart.tech\/?page_id=31","title":{"rendered":"Shop &#038; Fahrkarten"},"content":{"rendered":"<p class=\"ev-intro\">Fahrkarten, Souvenirs und Spendenm\u00f6glichkeiten finden Sie hier.<\/p>\n<h2>Fahrkarten<\/h2>\n<p>Fahrkarten f\u00fcr unsere Sonderfahrten k\u00f6nnen Sie direkt online buchen \u2013 die Buchungsstrecke wird in K\u00fcrze hier eingebunden.<\/p>\n<h2>Mitmachen &amp; Unterst\u00fctzen<\/h2>\n<p>Unsere Arbeit ist ohne ehrenamtliche Mitarbeit und finanzielle Unterst\u00fctzung nicht denkbar. Werden Sie Mitglied oder unterst\u00fctzen Sie uns mit einer Spende!<\/p>\n","protected":false},"excerpt":{"rendered":"<p>Fahrkarten, Souvenirs und Spendenm\u00f6glichkeiten finden Sie hier. Fahrkarten Fahrkarten f\u00fcr unsere Sonderfahrten k\u00f6nnen Sie direkt online buchen \u2013 die Buchungsstrecke wird in K\u00fcrze hier&hellip; <a class=\"more-link\" href=\"https:\/\/neustart.tech\/?page_id=31\">Continue reading <span class=\"screen-reader-text\">Shop &#038; Fahrkarten<\/span><\/a><\/p>\n","protected":false},"author":1,"featured_media":0,"parent":0,"menu_order":0,"comment_status":"closed","ping_status":"closed","template":"","meta":{"footnotes":""},"class_list":["post-31","page","type-page","status-publish","hentry","entry"],"_links":{"self":[{"href":"https:\/\/neustart.tech\/index.php?rest_route=\/wp\/v2\/pages\/31","targetHints":{"allow":["GET"]}}],"collection":[{"href":"https:\/\/neustart.tech\/index.php?rest_route=\/wp\/v2\/pages"}],"about":[{"href":"https:\/\/neustart.tech\/index.php?rest_route=\/wp\/v2\/types\/page"}],"author":[{"embeddable":true,"href":"https:\/\/neustart.tech\/index.php?rest_route=\/wp\/v2\/users\/1"}],"replies":[{"embeddable":true,"href":"https:\/\/neustart.tech\/index.php?rest_route=%2Fwp%2Fv2%2Fcomments&post=31"}],"version-history":[{"count":0,"href":"https:\/\/neustart.tech\/index.php?rest_route=\/wp\/v2\/pages\/31\/revisions"}],"wp:attachment":[{"href":"https:\/\/neustart.tech\/index.php?rest_route=%2Fwp%2Fv2%2Fmedia&parent=31"}],"curies":[{"name":"wp","href":"https:\/\/api.w.org\/{rel}","templated":true}]}}